{"id":21,"date":"2021-03-16T21:14:43","date_gmt":"2021-03-16T20:14:43","guid":{"rendered":"http:\/\/annelaurelebas-reflexologue.fr\/?page_id=21"},"modified":"2023-07-27T10:14:23","modified_gmt":"2023-07-27T08:14:23","slug":"contact","status":"publish","type":"page","link":"https:\/\/annelaurelebas-reflexologue.fr\/index.php\/contact\/","title":{"rendered":"Prendre Rendez-vous"},"content":{"rendered":"\n<div style=\"height:24px\" aria-hidden=\"true\" class=\"wp-block-spacer\"><\/div>\n\n\n\n<div class=\"wp-block-columns is-layout-flex wp-container-core-columns-is-layout-9d6595d7 wp-block-columns-is-layout-flex\">\n<div class=\"wp-block-column is-layout-flow wp-block-column-is-layout-flow\" style=\"flex-basis:33.33%\">\n<h2 class=\"wp-block-heading\">Je vous invite \u00e0 prendre rendez-vous dans le calendrier :<\/h2>\n\n\n\n<p>S\u00e9lectionnez le service de votre choix puis choisissez votre date et votre cr\u00e9neau horaire.<\/p>\n\n\n\n<p>Si vous avez des questions, n&rsquo;h\u00e9siter pas \u00e0 me contacter par t\u00e9l\u00e9phone. Je r\u00e9pondrais \u00e0 toutes vos questions :<\/p>\n\n\n\n<p> 0624711302. <\/p>\n\n\n\n<p><\/p>\n\n\n\n<p>Adresse du cabinet : <\/p>\n\n\n\n<p>6 place des vignerons<\/p>\n\n\n\n<p>84290 Cairanne<\/p>\n\n\n\n<p><\/p>\n\n\n\n<p>Le parking gratuit juste devant le cabinet est \u00e0 votre disposition.<\/p>\n\n\n<div class=\"wp-block-image\">\n<figure class=\"aligncenter size-full is-resized\"><img loading=\"lazy\" decoding=\"async\" src=\"https:\/\/annelaurelebas-reflexologue.fr\/wp-content\/uploads\/2022\/12\/logo-photo-sur-fond-blanc.png\" alt=\"logo anne-laure lebas R\u00e9flexologue\" class=\"wp-image-569\" width=\"527\" height=\"527\" srcset=\"https:\/\/annelaurelebas-reflexologue.fr\/wp-content\/uploads\/2022\/12\/logo-photo-sur-fond-blanc.png 500w, https:\/\/annelaurelebas-reflexologue.fr\/wp-content\/uploads\/2022\/12\/logo-photo-sur-fond-blanc-300x300.png 300w, https:\/\/annelaurelebas-reflexologue.fr\/wp-content\/uploads\/2022\/12\/logo-photo-sur-fond-blanc-150x150.png 150w, https:\/\/annelaurelebas-reflexologue.fr\/wp-content\/uploads\/2022\/12\/logo-photo-sur-fond-blanc-60x60.png 60w\" sizes=\"auto, (max-width: 527px) 100vw, 527px\" \/><\/figure>\n<\/div><\/div>\n\n\n\n<div class=\"wp-block-column is-layout-flow wp-block-column-is-layout-flow\" style=\"flex-basis:66.66%\">\n<!-- D\u00e9but de widget en ligne Calendly -->\n<div class=\"calendly-inline-widget\" data-url=\"https:\/\/calendly.com\/reflexologue-vaucluse?hide_landing_page_details=1&#038;hide_gdpr_banner=1&#038;background_color=fdf4ee&#038;primary_color=c64229\" style=\"min-width:320px;height:730px;\"><\/div>\n<script type=\"text\/javascript\" src=\"https:\/\/assets.calendly.com\/assets\/external\/widget.js\" async><\/script>\n<!-- Fin de widget en ligne Calendly -->\n<\/div>\n<\/div>\n\n\n\n<p class=\"has-text-align-center\">Itin\u00e9raire pour venir jusqu&rsquo;au cabinet<\/p>\n\n\n\n<div class=\"wp-block-buttons is-content-justification-center is-layout-flex wp-container-core-buttons-is-layout-16018d1d wp-block-buttons-is-layout-flex\">\n<div class=\"wp-block-button is-style-outline is-style-outline--1\"><a class=\"wp-block-button__link has-black-color has-text-color has-background wp-element-button\" href=\"https:\/\/www.google.com\/maps\/place\/Anne-Laure+Lebas+Pasquet\/@44.2350262,4.9311338,15z\/data=!4m6!3m5!1s0x12b591e20e066f11:0xfedf340e4c848591!8m2!3d44.2350262!4d4.9311338!16s%2Fg%2F11q1vvdsn2?entry=ttu\" style=\"background-color:#bed3c3\" target=\"_blank\" rel=\"noreferrer noopener\">Itin\u00e9raire<\/a><\/div>\n<\/div>\n\n\n\n<div style=\"height:31px\" aria-hidden=\"true\" class=\"wp-block-spacer\"><\/div>\n\n\n\n[trustindex no-registration=google]\n\n\n\n<div class=\"wp-block-columns is-layout-flex wp-container-core-columns-is-layout-9d6595d7 wp-block-columns-is-layout-flex\"><\/div>\n\n\n","protected":false},"excerpt":{"rendered":"<p>Page de contact et de prise de rendez-vous en ligne avec la r\u00e9flexologue Anne-Laure Lebas Pasquet \u00e0 Cairanne.<br \/>\nImage : Dessous pied gauche avec une repr\u00e9sentation des zones r\u00e9flexes. Image appartenant \u00e0 l&rsquo;auteur du site, toute copie est interdite.<\/p>\n","protected":false},"author":1,"featured_media":220,"parent":0,"menu_order":0,"comment_status":"closed","ping_status":"closed","template":"","meta":{"footnotes":""},"class_list":["post-21","page","type-page","status-publish","has-post-thumbnail","hentry"],"_links":{"self":[{"href":"https:\/\/annelaurelebas-reflexologue.fr\/index.php\/wp-json\/wp\/v2\/pages\/21","targetHints":{"allow":["GET"]}}],"collection":[{"href":"https:\/\/annelaurelebas-reflexologue.fr\/index.php\/wp-json\/wp\/v2\/pages"}],"about":[{"href":"https:\/\/annelaurelebas-reflexologue.fr\/index.php\/wp-json\/wp\/v2\/types\/page"}],"author":[{"embeddable":true,"href":"https:\/\/annelaurelebas-reflexologue.fr\/index.php\/wp-json\/wp\/v2\/users\/1"}],"replies":[{"embeddable":true,"href":"https:\/\/annelaurelebas-reflexologue.fr\/index.php\/wp-json\/wp\/v2\/comments?post=21"}],"version-history":[{"count":27,"href":"https:\/\/annelaurelebas-reflexologue.fr\/index.php\/wp-json\/wp\/v2\/pages\/21\/revisions"}],"predecessor-version":[{"id":775,"href":"https:\/\/annelaurelebas-reflexologue.fr\/index.php\/wp-json\/wp\/v2\/pages\/21\/revisions\/775"}],"wp:featuredmedia":[{"embeddable":true,"href":"https:\/\/annelaurelebas-reflexologue.fr\/index.php\/wp-json\/wp\/v2\/media\/220"}],"wp:attachment":[{"href":"https:\/\/annelaurelebas-reflexologue.fr\/index.php\/wp-json\/wp\/v2\/media?parent=21"}],"curies":[{"name":"wp","href":"https:\/\/api.w.org\/{rel}","templated":true}]}}