{"id":20,"date":"2021-03-16T21:14:43","date_gmt":"2021-03-16T20:14:43","guid":{"rendered":"http:\/\/annelaurelebas-reflexologue.fr\/?page_id=20"},"modified":"2023-02-20T12:38:02","modified_gmt":"2023-02-20T11:38:02","slug":"mes-services-reflexologie-plantaire-faciale","status":"publish","type":"page","link":"https:\/\/annelaurelebas-reflexologue.fr\/index.php\/mes-services-reflexologie-plantaire-faciale\/","title":{"rendered":"Mes services"},"content":{"rendered":"\n<p><\/p>\n\n\n\n<h2 class=\"wp-block-heading\">Mon approche de la r\u00e9flexologie selon l&rsquo;\u00e9nerg\u00e9tique chinoise:<\/h2>\n\n\n\n<div class=\"wp-block-columns is-layout-flex wp-container-core-columns-is-layout-9d6595d7 wp-block-columns-is-layout-flex\">\n<div class=\"wp-block-column is-layout-flow wp-block-column-is-layout-flow\" style=\"flex-basis:66.66%\">\n<p>\u00ab\u00a0La r\u00e9flexologie est une science qui part du principe qu&rsquo;il y a dans les pieds et les mains des <strong>zones r\u00e9flexes correspondant \u00e0 toutes les glandes, tous les organes et toutes les parties du corps<\/strong>.\u00a0\u00bb   Dwight C. Byers<\/p>\n\n\n\n<p>C&rsquo;est une \u00ab\u00a0m\u00e9decine\u00a0\u00bb <strong>compl\u00e9mentaire<\/strong>, <strong>douce<\/strong>, <strong>naturelle<\/strong> et sans danger, employ\u00e9e depuis des mill\u00e9naires sur tous les continents.<\/p>\n\n\n\n<p>La r\u00e9flexologie selon l&rsquo;\u00e9nerg\u00e9tique chinoise travaille avec les <strong>5 \u00e9l\u00e9ments<\/strong> (l&rsquo;eau, le bois, le feu, la terre et le m\u00e9tal) et s&rsquo;inscrit dans l&rsquo;\u00e9nergie du <strong>Yin<\/strong> et du <strong>Yang<\/strong>. <\/p>\n\n\n\n<p>Cette m\u00e9thode prend en compte la personne dans sa globalit\u00e9.<\/p>\n\n\n\n<p>Mon objectif est  d&rsquo;aider votre corps \u00e0<strong> r\u00e9tablir l&rsquo;\u00e9quilibre<\/strong> \u00e9nerg\u00e9tique afin que les manifestations telles que le stress, les troubles digestifs, le mal de dos, ou  bien encore le sommeil perturb\u00e9 soient soulag\u00e9s.<\/p>\n\n\n\n<p>Pour permettre de retrouver un \u00e9tat d&rsquo;\u00e9quilibre, plusieurs s\u00e9ances seront n\u00e9cessaires. <\/p>\n\n\n\n<p>Pour d\u00e9couvrir plus en d\u00e9tails le contenu des s\u00e9ances <a href=\"https:\/\/annelaurelebas-reflexologue.fr\/index.php\/reflexologie-plantaire-deroulement-de-la-seance-tarifs-historique\/\">c&rsquo;est par ici&#8230;<\/a><\/p>\n<\/div>\n\n\n\n<div class=\"wp-block-column is-layout-flow wp-block-column-is-layout-flow\" style=\"flex-basis:33.33%\">\n<figure class=\"wp-block-image size-large\"><img loading=\"lazy\" decoding=\"async\" width=\"1024\" height=\"1024\" src=\"https:\/\/annelaurelebas-reflexologue.fr\/wp-content\/uploads\/2023\/01\/reflexo-image-site-3-1024x1024.png\" alt=\"\" class=\"wp-image-649\" srcset=\"https:\/\/annelaurelebas-reflexologue.fr\/wp-content\/uploads\/2023\/01\/reflexo-image-site-3-1024x1024.png 1024w, https:\/\/annelaurelebas-reflexologue.fr\/wp-content\/uploads\/2023\/01\/reflexo-image-site-3-300x300.png 300w, https:\/\/annelaurelebas-reflexologue.fr\/wp-content\/uploads\/2023\/01\/reflexo-image-site-3-150x150.png 150w, https:\/\/annelaurelebas-reflexologue.fr\/wp-content\/uploads\/2023\/01\/reflexo-image-site-3-768x768.png 768w, https:\/\/annelaurelebas-reflexologue.fr\/wp-content\/uploads\/2023\/01\/reflexo-image-site-3-60x60.png 60w, https:\/\/annelaurelebas-reflexologue.fr\/wp-content\/uploads\/2023\/01\/reflexo-image-site-3.png 1080w\" sizes=\"auto, (max-width: 1024px) 100vw, 1024px\" \/><\/figure>\n<\/div>\n<\/div>\n\n\n\n<div style=\"height:13px\" aria-hidden=\"true\" class=\"wp-block-spacer\"><\/div>\n\n\n\n<h2 class=\"wp-block-heading\">Quel est votre r\u00f4le pendant les s\u00e9ance?<\/h2>\n\n\n\n<p><strong>Votre<\/strong> r\u00f4le est essentiel pour l&rsquo;efficacit\u00e9 du soin. <\/p>\n\n\n\n<p>Plusieurs s\u00e9ances seront n\u00e9cessaires pour la p\u00e9rennit\u00e9 du soin. Vous devrez donc investir de <strong>votre temps<\/strong>. <em>\u00ab\u00a0Se donner du temps, c&rsquo;est se donner de l&rsquo;importance.\u00a0\u00bb<\/em><\/p>\n\n\n\n<p>Vous devez accepter de vous <strong>relaxer<\/strong> pendant la dur\u00e9e du soin, fermer vos yeux (sans dormir), et l\u00e2cher prise du mieux que vous pouvez (si, si, vous en \u00eates capable&#8230;).<\/p>\n\n\n\n<p>Apr\u00e8s les s\u00e9ances et d&rsquo;une mani\u00e8re g\u00e9n\u00e9rale pensez \u00e0 bien boire de l&rsquo;eau. Une bonne <strong>hydratation<\/strong> est essentielle.<\/p>\n\n\n\n<p>(Pour conna\u00eetre le d\u00e9roul\u00e9 des s\u00e9ances, <a href=\"https:\/\/annelaurelebas-reflexologue.fr\/index.php\/reflexologie-plantaire-deroulement-de-la-seance-tarifs-historique\/\">cliquez ici<\/a>)<\/p>\n\n\n\n<div style=\"height:31px\" aria-hidden=\"true\" class=\"wp-block-spacer\"><\/div>\n\n\n\n<h2 class=\"wp-block-heading\">Les bienfaits de la r\u00e9flexologie plantaire et faciale :<\/h2>\n\n\n\n<div class=\"wp-block-columns is-layout-flex wp-container-core-columns-is-layout-9d6595d7 wp-block-columns-is-layout-flex\">\n<div class=\"wp-block-column is-layout-flow wp-block-column-is-layout-flow\" style=\"flex-basis:33.33%\">\n<figure class=\"wp-block-image size-large\"><img loading=\"lazy\" decoding=\"async\" width=\"1024\" height=\"1024\" src=\"https:\/\/annelaurelebas-reflexologue.fr\/wp-content\/uploads\/2023\/01\/reflexo-image-site-2-1024x1024.png\" alt=\"r\u00e9flexologie plantaire\nAnne-Laure lebas Pasquet\" class=\"wp-image-647\" srcset=\"https:\/\/annelaurelebas-reflexologue.fr\/wp-content\/uploads\/2023\/01\/reflexo-image-site-2-1024x1024.png 1024w, https:\/\/annelaurelebas-reflexologue.fr\/wp-content\/uploads\/2023\/01\/reflexo-image-site-2-300x300.png 300w, https:\/\/annelaurelebas-reflexologue.fr\/wp-content\/uploads\/2023\/01\/reflexo-image-site-2-150x150.png 150w, https:\/\/annelaurelebas-reflexologue.fr\/wp-content\/uploads\/2023\/01\/reflexo-image-site-2-768x768.png 768w, https:\/\/annelaurelebas-reflexologue.fr\/wp-content\/uploads\/2023\/01\/reflexo-image-site-2-60x60.png 60w, https:\/\/annelaurelebas-reflexologue.fr\/wp-content\/uploads\/2023\/01\/reflexo-image-site-2.png 1080w\" sizes=\"auto, (max-width: 1024px) 100vw, 1024px\" \/><\/figure>\n<\/div>\n\n\n\n<div class=\"wp-block-column is-layout-flow wp-block-column-is-layout-flow\" style=\"flex-basis:66.66%\">\n<div style=\"height:48px\" aria-hidden=\"true\" class=\"wp-block-spacer\"><\/div>\n\n\n\n<p>Diminue, soulage les manifestations du stress, quelles soit d&rsquo;ordres digestives, cardio-vasculaire, ou nerveuse.<\/p>\n\n\n\n<p>Am\u00e9liore la circulation sanguine.<\/p>\n\n\n\n<p>Favorise le passage de l&rsquo;influx nerveux.<\/p>\n\n\n\n<p>L\u00e8ve les blocages du syst\u00e8me musculo-articulaire.<\/p>\n\n\n\n<p>Aide le corps \u00e0 r\u00e9tablir son hom\u00e9ostasie (\u00e0 retrouver son \u00e9quilibre).<\/p>\n<\/div>\n<\/div>\n\n\n\n<div style=\"height:6px\" aria-hidden=\"true\" class=\"wp-block-spacer\"><\/div>\n\n\n\n<div style=\"height:6px\" aria-hidden=\"true\" class=\"wp-block-spacer\"><\/div>\n\n\n\n<h2 class=\"wp-block-heading\">Je vous propose deux types de soin pour vous soulager :<\/h2>\n\n\n\n<div style=\"height:4px\" aria-hidden=\"true\" class=\"wp-block-spacer\"><\/div>\n\n\n\n<h3 class=\"wp-block-heading\">La r\u00e9flexologie plantaire et la r\u00e9flexologie faciale.<\/h3>\n\n\n\n<p>Pour savoir lequel est le plus appropri\u00e9 \u00e0 votre probl\u00e9matique n&rsquo;h\u00e9sitez pas \u00e0 me contacter : 06.24.71.13.02.<\/p>\n\n\n\n<div style=\"height:5px\" aria-hidden=\"true\" class=\"wp-block-spacer\"><\/div>\n\n\n\n<p>Cliquez sur l&rsquo;image pour en savoir plus.<\/p>\n\n\n\n<div style=\"height:2px\" aria-hidden=\"true\" class=\"wp-block-spacer\"><\/div>\n\n\n\n<div class=\"wp-block-columns is-layout-flex wp-container-core-columns-is-layout-9d6595d7 wp-block-columns-is-layout-flex\">\n<div class=\"wp-block-column is-layout-flow wp-block-column-is-layout-flow\">\n<figure class=\"wp-block-image size-full\"><a href=\"https:\/\/annelaurelebas-reflexologue.fr\/index.php\/reflexologie-plantaire-approche-tarif-historique\/\"><img loading=\"lazy\" decoding=\"async\" width=\"940\" height=\"788\" src=\"https:\/\/annelaurelebas-reflexologue.fr\/wp-content\/uploads\/2023\/02\/Reflexologie-Plantaire-service.png\" alt=\"R\u00e9flexologie Plantaire\" class=\"wp-image-696\" srcset=\"https:\/\/annelaurelebas-reflexologue.fr\/wp-content\/uploads\/2023\/02\/Reflexologie-Plantaire-service.png 940w, https:\/\/annelaurelebas-reflexologue.fr\/wp-content\/uploads\/2023\/02\/Reflexologie-Plantaire-service-300x251.png 300w, https:\/\/annelaurelebas-reflexologue.fr\/wp-content\/uploads\/2023\/02\/Reflexologie-Plantaire-service-768x644.png 768w, https:\/\/annelaurelebas-reflexologue.fr\/wp-content\/uploads\/2023\/02\/Reflexologie-Plantaire-service-72x60.png 72w\" sizes=\"auto, (max-width: 940px) 100vw, 940px\" \/><\/a><\/figure>\n<\/div>\n\n\n\n<div class=\"wp-block-column is-layout-flow wp-block-column-is-layout-flow\">\n<figure class=\"wp-block-image size-full\"><a href=\"https:\/\/annelaurelebas-reflexologue.fr\/index.php\/reflexologie-faciale-deroulement-tarifs\/\"><img loading=\"lazy\" decoding=\"async\" width=\"940\" height=\"788\" src=\"https:\/\/annelaurelebas-reflexologue.fr\/wp-content\/uploads\/2023\/02\/Reflexologie-faciale-service-2.png\" alt=\"R\u00e9flexologie faciale\" class=\"wp-image-702\" srcset=\"https:\/\/annelaurelebas-reflexologue.fr\/wp-content\/uploads\/2023\/02\/Reflexologie-faciale-service-2.png 940w, https:\/\/annelaurelebas-reflexologue.fr\/wp-content\/uploads\/2023\/02\/Reflexologie-faciale-service-2-300x251.png 300w, https:\/\/annelaurelebas-reflexologue.fr\/wp-content\/uploads\/2023\/02\/Reflexologie-faciale-service-2-768x644.png 768w, https:\/\/annelaurelebas-reflexologue.fr\/wp-content\/uploads\/2023\/02\/Reflexologie-faciale-service-2-72x60.png 72w\" sizes=\"auto, (max-width: 940px) 100vw, 940px\" \/><\/a><\/figure>\n<\/div>\n<\/div>\n\n\n\n<div style=\"height:11px\" aria-hidden=\"true\" class=\"wp-block-spacer\"><\/div>\n\n\n\n<h3 class=\"wp-block-heading\">Je propose \u00e9galement des s\u00e9ances sp\u00e9cifiques pour les personnes souffrants de la maladie de Parkinson<\/h3>\n\n\n\n<p>Les s\u00e9ances sont toujours de 60 minutes. J&rsquo;associe la pratique de la r\u00e9flexologie plantaire, palmaire, cr\u00e2nienne, faciale et les points shu. L&rsquo;objectifs de ses s\u00e9ances est de vous accompagner, vous soulager dans les d\u00e9sordres que peuvent g\u00e9n\u00e9rer cette maladie. Les s\u00e9ances viennent en compl\u00e9ment de vos traitements habituels et de votre parcours de soins.<\/p>\n\n\n\n<div style=\"height:3px\" aria-hidden=\"true\" class=\"wp-block-spacer\"><\/div>\n\n\n\n<figure class=\"wp-block-image size-full\"><a href=\"https:\/\/annelaurelebas-reflexologue.fr\/index.php\/reflexologie-et-parkinson\/\" rel=\"https:\/\/annelaurelebas-reflexologue.fr\/index.php\/reflexologie-et-parkinson\/\"><img loading=\"lazy\" decoding=\"async\" width=\"940\" height=\"788\" src=\"https:\/\/annelaurelebas-reflexologue.fr\/wp-content\/uploads\/2023\/02\/Reflexologie-et-Parkinson.png\" alt=\"R\u00e9flexologie et Parkinson\" class=\"wp-image-701\" srcset=\"https:\/\/annelaurelebas-reflexologue.fr\/wp-content\/uploads\/2023\/02\/Reflexologie-et-Parkinson.png 940w, https:\/\/annelaurelebas-reflexologue.fr\/wp-content\/uploads\/2023\/02\/Reflexologie-et-Parkinson-300x251.png 300w, https:\/\/annelaurelebas-reflexologue.fr\/wp-content\/uploads\/2023\/02\/Reflexologie-et-Parkinson-768x644.png 768w, https:\/\/annelaurelebas-reflexologue.fr\/wp-content\/uploads\/2023\/02\/Reflexologie-et-Parkinson-72x60.png 72w\" sizes=\"auto, (max-width: 940px) 100vw, 940px\" \/><\/a><\/figure>\n\n\n\n<div style=\"height:100px\" aria-hidden=\"true\" class=\"wp-block-spacer\"><\/div>\n\n\n\n<div class=\"wp-block-buttons is-layout-flex wp-block-buttons-is-layout-flex\">\n<div class=\"wp-block-button aligncenter is-style-outline is-style-outline--1\"><a class=\"wp-block-button__link has-black-color has-text-color has-background wp-element-button\" href=\"https:\/\/calendly.com\/reflexologue-vaucluse\" style=\"background-color:#bed3c3\" target=\"_blank\" rel=\"noreferrer noopener\">PRENDRE RENDEZ-VOUS<\/a><\/div>\n<\/div>\n\n\n\n<div style=\"height:100px\" aria-hidden=\"true\" class=\"wp-block-spacer\"><\/div>\n\n\n\n<p>La r\u00e9flexologie est une m\u00e9decine compl\u00e9mentaire. C&rsquo;est \u00e0 dire qu&rsquo;elle vient en compl\u00e9ment d&rsquo;un parcours de soin habituel. Une s\u00e9ance de r\u00e9flexologie ne remplace pas une consultation avec votre m\u00e9decin. Je ne pose pas de diagnostic et je ne fais aucune prescription m\u00e9dicale.<\/p>\n","protected":false},"excerpt":{"rendered":"<p>Mon approche de la r\u00e9flexologie selon l&rsquo;\u00e9nerg\u00e9tique chinoise: \u00ab\u00a0La r\u00e9flexologie est une science qui part du principe qu&rsquo;il y a dans les pieds et les mains des zones r\u00e9flexes correspondant &hellip; <\/p>\n","protected":false},"author":1,"featured_media":0,"parent":0,"menu_order":0,"comment_status":"closed","ping_status":"closed","template":"","meta":{"footnotes":""},"class_list":["post-20","page","type-page","status-publish","hentry"],"_links":{"self":[{"href":"https:\/\/annelaurelebas-reflexologue.fr\/index.php\/wp-json\/wp\/v2\/pages\/20","targetHints":{"allow":["GET"]}}],"collection":[{"href":"https:\/\/annelaurelebas-reflexologue.fr\/index.php\/wp-json\/wp\/v2\/pages"}],"about":[{"href":"https:\/\/annelaurelebas-reflexologue.fr\/index.php\/wp-json\/wp\/v2\/types\/page"}],"author":[{"embeddable":true,"href":"https:\/\/annelaurelebas-reflexologue.fr\/index.php\/wp-json\/wp\/v2\/users\/1"}],"replies":[{"embeddable":true,"href":"https:\/\/annelaurelebas-reflexologue.fr\/index.php\/wp-json\/wp\/v2\/comments?post=20"}],"version-history":[{"count":21,"href":"https:\/\/annelaurelebas-reflexologue.fr\/index.php\/wp-json\/wp\/v2\/pages\/20\/revisions"}],"predecessor-version":[{"id":718,"href":"https:\/\/annelaurelebas-reflexologue.fr\/index.php\/wp-json\/wp\/v2\/pages\/20\/revisions\/718"}],"wp:attachment":[{"href":"https:\/\/annelaurelebas-reflexologue.fr\/index.php\/wp-json\/wp\/v2\/media?parent=20"}],"curies":[{"name":"wp","href":"https:\/\/api.w.org\/{rel}","templated":true}]}}