{"id":19,"date":"2021-03-16T20:29:47","date_gmt":"2021-03-16T19:29:47","guid":{"rendered":"http:\/\/annelaurelebas-reflexologue.fr\/?page_id=19"},"modified":"2025-02-24T15:54:42","modified_gmt":"2025-02-24T14:54:42","slug":"reflexologue-energetique-vaucluse-orange-vaison-anne-laure-lebas-pasquet","status":"publish","type":"page","link":"https:\/\/annelaurelebas-reflexologue.fr\/","title":{"rendered":"R\u00e9flexologue en Vaucluse"},"content":{"rendered":"\n<p>\u00a0<\/p>\n\n\u00a0\n\n<p>\u00a0<\/p>\n\n\n\n\n\n\n\n\n<h2 class=\"wp-block-heading is-layout-flow wp-block-column-is-layout-flow is-layout-flex wp-container-core-columns-is-layout-9d6595d7 wp-block-columns-is-layout-flex is-layout-constrained wp-block-group-is-layout-constrained\" style=\"font-style: normal; font-weight: 800;\">R\u00e9flexologue dans le Vaucluse<\/h2>\n\n<h2 class=\"wp-block-heading\" style=\"font-style: normal; font-weight: 800;\">entre Orange et Vaison-la-Romaine.<\/h2>\n\n\u00a0\n\n<p>Vous souffrez de <strong>douleurs aigues<\/strong>?<\/p>\n\n<p>De <strong>douleurs persistantes<\/strong>?<\/p>\n\n<p>De <strong>stress ou d&rsquo;anxi\u00e9t\u00e9<\/strong>?<\/p>\n\n\n\n<figure class=\"is-layout-flow wp-block-column-is-layout-flow\"><img decoding=\"async\" src=\"https:\/\/annelaurelebas-reflexologue.fr\/wp-content\/uploads\/2023\/01\/reflexo-image-site-1-1-1024x1024.png\" alt=\"Mains  d'une r\u00e9flexologue qui r\u00e9alisent un massage r\u00e9flexologique sur un pied.\" \/><\/figure>\n\n\n\n\n\n\n\n\n<h3 class=\"wp-block-heading\" style=\"font-style: normal; font-weight: bold;\">Je vous aide \u00e0 soulager votre stress et vos douleurs persistantes pour retrouver votre bien-\u00eatre au quotidien, gr\u00e2ce \u00e0 la r\u00e9flexologie \u00e9nerg\u00e9tique, une technique manuelle et naturelle.<\/h3>\n\n\u00a0\n\n\n<a class=\"is-style-outline--1 is-content-justification-center is-layout-flex wp-container-core-buttons-is-layout-16018d1d wp-block-buttons-is-layout-flex\" style=\"background-color: #bed3c3;\" href=\"https:\/\/calendly.com\/reflexologue-vaucluse\" target=\"_blank\" rel=\"noreferrer noopener\">PRENDRE RENDEZ-VOUS<\/a>\n\n\n\u00a0\n\n\u00a0\n\n\u00a0\n\n<p>\u00a0<\/p>\n\n<h2 class=\"wp-block-heading\">Par la R\u00e9flexologie \u00e9nerg\u00e9tique je vous accompagne lorsque:<\/h2>\n\n<p>Les douleurs que vous supportez au quotidien vous g\u00e2chent la vie et vous vous sentez impuissant face \u00e0 cette situation.<\/p>\n\n<p>Votre situation professionnelle ou personnelle entra\u00eene un stress qui menace vos relations, votre moral, votre sant\u00e9. Vous ne savez pas quoi faire face \u00e0 cette situation.<\/p>\n\n\n\n\n<h3 class=\"wp-block-heading is-layout-flow wp-block-column-is-layout-flow is-layout-flex wp-container-core-columns-is-layout-9d6595d7 wp-block-columns-is-layout-flex is-layout-constrained wp-block-group-is-layout-constrained\">Vous souffrez de stress :<\/h3>\n\n<p>\u201cJe n\u2019arrive plus \u00e0 me d\u00e9tendre le soir avec mes enfants et mon mari. \u201c<\/p>\n\n<p>\u201cJ\u2019ai la sensation d\u2019avoir un poids dans l\u2019estomac, j\u2019ai du mal \u00e0 bien respirer.\u201d<\/p>\n\n<p>\u201cJe n\u2019arrive pas \u00e0 m\u2019endormir, je cogite, et \u00e7a me r\u00e9veille la nuit. Du coup je suis fatigu\u00e9e.\u201d<\/p>\n\n<p>\u201cJe m\u2019\u00e9nerve vite.\u201d<\/p>\n\n<p>\u201c Mon estomac me br\u00fble tellement, que j\u2019ai la sensation d\u2019avoir un barbecue dans la bouche.\u201d<\/p>\n\n\n\n\n<h3 class=\"wp-block-heading is-layout-constrained wp-block-group-is-layout-constrained is-layout-flow wp-block-column-is-layout-flow\">Vous souffrez de douleurs :<\/h3>\n\n<p>\u201cMon mal au dos, me r\u00e9veille la nuit. Je dors mal et je suis fatigu\u00e9e apr\u00e8s la journ\u00e9e.\u00a0\u00bb<\/p>\n\n<p>\u201cJe suis en arr\u00eat, ma sciatique m\u2019emp\u00eache de travailler.\u201d<\/p>\n\n<p>\u201cAvec mon mari, on adorait aller marcher. Maintenant, \u00e7a me fait mal quand je marche longtemps, du coup on marche moins. Ca me frustre.\u201d<\/p>\n\n<p>\u201cJ\u2019ai tout le temps peur d\u2019avoir mal, \u00e7a me rend nerveux et \u00e7a me fatigue psychologiquement\u201d.<\/p>\n\n\u00a0\n\n\n\n\n\n\n<p class=\"is-layout-constrained wp-block-group-is-layout-constrained\">\u00a0<\/p>\n<p>Ce sont les phrases de mes clients, peut-\u00eatre vivez-vous actuellement la m\u00eame situation ?<\/p>\n<p>\u00a0<\/p>\n\n\u00a0\n\n\n<h3 class=\"wp-block-heading is-layout-constrained wp-block-group-is-layout-constrained\">Par cons\u00e9quence :<\/h3>\n\n\n\n<ul class=\"wp-block-list is-layout-flow wp-block-column-is-layout-flow is-layout-flex wp-container-core-columns-is-layout-9d6595d7 wp-block-columns-is-layout-flex\">\n<li>Vous avez du mal \u00e0 \u00eatre d\u00e9tendu le soir en rentrant \u00e0 la maison.<\/li>\n\n<li>Vous avez du mal \u00e0 prendre du recul.<\/li>\n\n<li>Votre stress se traduit par une une plus grande sensibilit\u00e9, une fatigue qui s\u2019installe, des d\u00e9sordres digestifs, des douleurs.<\/li>\n\n<li>Vous ressentez un mal-\u00eatre.<\/li>\n<\/ul>\n\n\n\n<ul class=\"wp-block-list is-layout-flow wp-block-column-is-layout-flow\">\n<li>Votre mal au dos ou vos douleurs articulaires provoques par des raideurs, des \u00e9lancements ou bien une douleur sourde et vous ressentez de la frustration \u00e0 \u00eatre limit\u00e9 dans vos mouvements.<\/li>\n\n<li>Vous \u00eates aussi plus fatigu\u00e9.<\/li>\n<\/ul>\n\n\n\n\u00a0\n\n\n\u00a0\n\n<h3 class=\"wp-block-heading\">Pour vous soulager vous avez d\u00e9j\u00e0 essay\u00e9 :<\/h3>\n\n<ul class=\"wp-block-list\">\n<li><em>de parler \u00e0 votre m\u00e9decin, qui vous a prescrit des examens, des m\u00e9dicaments mais la situation perdure.<\/em><\/li>\n<\/ul>\n\n<ul class=\"wp-block-list\">\n<li><em>de faire des s\u00e9ances de kin\u00e9s, mais celles-ci ne sont pas suffisantes pour vous soulager durablement.<\/em><\/li>\n<\/ul>\n\n<ul class=\"wp-block-list\">\n<li><em>de faire des s\u00e9ances d\u2019ost\u00e9opathie, mais votre douleur revient toujours rapidement.<\/em><\/li>\n<\/ul>\n\n\u00a0\n\n<h3 class=\"wp-block-heading\">Votre envie de retrouver un \u00e9tat de mieux-\u00eatre au quotidien est parfaitement l\u00e9gitime.<\/h3>\n\n<p>Il n\u2019est pas normal de souffrir en permanence tant sur le plan psychique que physique et il est possible d\u2019aller mieux.<\/p>\n\n\n<p><strong>Rassurez-vous, vous n\u2019\u00eates pas seul dans ce cas. La majorit\u00e9 des personnes qui viennent me voir rencontrent les m\u00eames probl\u00e9matiques.<\/strong><\/p>\n\n<p>Ce que vous avez essay\u00e9 n\u2019est pas mauvais, au contraire.<\/p>\n\n<p>Cependant, il vous manque <strong>la recherche de l\u2019origine de vos manifestations de stress et\/ou de douleurs<\/strong>. Et venir r\u00e9tablir l\u2019\u00e9quilibre \u00e0 ce niveau.<\/p>\n\n<p>Ma pratique de la <strong>r\u00e9flexologie \u00e9nerg\u00e9tique<\/strong> est diff\u00e9rente de ce que vous avez d\u00e9j\u00e0 pu essayer.<\/p>\n\n<p>Je travaille \u00e0 distance de votre mal, gr\u00e2ce aux <strong>zones r\u00e9flexes<\/strong> que l\u2019on retrouve sur les pieds et le visage.<\/p>\n\n<p><strong>Je prends le temps de vous \u00e9couter.\u00a0<\/strong><\/p>\n\n<p>Les s\u00e9ances sont uniques et sont <strong>enti\u00e8rement personnalis\u00e9es<\/strong> : Les zones r\u00e9flexes qui seront stimul\u00e9es sont d\u00e9termin\u00e9es en fonction de ce que vous me dites \u00e0 chaque d\u00e9but de s\u00e9ance.\u00a0<\/p>\n\n<p>Votre <strong>douleur<\/strong>, votre <strong>stress<\/strong> n\u2019est pas la m\u00eame que celui du voisin. Il se manifeste diff\u00e9remment et j\u2019en tiens compte.<\/p>\n\n<p>\u00a0<\/p>\n\n\u00a0\n\n\n<h3 class=\"wp-block-heading is-layout-constrained wp-block-group-is-layout-constrained\">En soulageant votre stress et\/ou vos douleurs, vous pourrez:\u00a0<\/h3>\n\n<ul class=\"wp-block-list\">\n<li><em>Appr\u00e9cier pleinement les moments que vous passez avec vos proches.<\/em><\/li>\n<\/ul>\n\n<ul class=\"wp-block-list\">\n<li><em> Retrouver votre \u00e9nergie et refaire votre activit\u00e9 favorite plus<\/em> <em>facilement.<\/em><\/li>\n<\/ul>\n\n<ul class=\"wp-block-list\">\n<li><em> Vivre plus sereinement.<\/em><\/li>\n<\/ul>\n\n\n\u00a0\n\n<h3 class=\"wp-block-heading\">Soulager votre corps et retrouver votre \u00e9quilibre gr\u00e2ce \u00e0 la r\u00e9flexologie!<\/h3>\n\n\u00a0\n\n\n<a class=\"is-style-outline--2 is-layout-flex wp-block-buttons-is-layout-flex\" style=\"background-color: #bed3c3;\" target=\"_blank\" rel=\"noreferrer noopener\">PRENDRE RENDEZ-VOUS<\/a>\n\n\n\u00a0\n\n<h3 class=\"wp-block-heading\">Voici quelques t\u00e9moignages et avis laiss\u00e9 par mes clients<\/h3>\n\n\u00a0\n\n\n\n\u00a0\n\n<figure><a href=\"https:\/\/federation-reflexologie.fr\/\" target=\"_blank\" rel=\"noreferrer noopener\"><img decoding=\"async\" style=\"width: 300px; height: 119px;\" src=\"https:\/\/annelaurelebas-reflexologue.fr\/wp-content\/uploads\/2022\/12\/Nouveau-logo-firma-1.png\" alt=\"Information praticienne adh\u00e9rente FIRMA\" \/><\/a>\n<figcaption>F\u00e9d\u00e9ration internationale de r\u00e9flexologie et des m\u00e9tier du bien-\u00eatre.<\/figcaption>\n<\/figure>\n\n<figure><a href=\"https:\/\/chambre-syndicale-reflexologues.fr\/\" target=\"_blank\" rel=\"noreferrer noopener\"><img decoding=\"async\" style=\"width: 312px; height: 312px;\" src=\"https:\/\/annelaurelebas-reflexologue.fr\/wp-content\/uploads\/2022\/12\/Chambre-syndicale-des-reflexologues-1024x1024.jpg\" alt=\"Adh\u00e9rente \u00e0 la chambre syndicale des r\u00e9flexologue\" \/><\/a><\/figure>\n\n<p><a href=\"https:\/\/annelaurelebas-reflexologue.fr\/index.php\/cabinet-de-reflexologie-courthezon-adresse-horaire-douverture\/\">Retrouvez moi sur Cairanne (entre Vaison-la-Romaine et Orange)<\/a><\/p>\n","protected":false},"excerpt":{"rendered":"<p>Je vous aide \u00e0 vous soulager de votre stress et de vos douleurs persistantes gr\u00e2ce \u00e0 la r\u00e9flexologie, une technique manuelle, naturelle et \u00e9nerg\u00e9tique.<\/p>\n","protected":false},"author":1,"featured_media":472,"parent":0,"menu_order":1,"comment_status":"closed","ping_status":"closed","template":"","meta":{"footnotes":""},"class_list":["post-19","page","type-page","status-publish","has-post-thumbnail","hentry"],"_links":{"self":[{"href":"https:\/\/annelaurelebas-reflexologue.fr\/index.php\/wp-json\/wp\/v2\/pages\/19","targetHints":{"allow":["GET"]}}],"collection":[{"href":"https:\/\/annelaurelebas-reflexologue.fr\/index.php\/wp-json\/wp\/v2\/pages"}],"about":[{"href":"https:\/\/annelaurelebas-reflexologue.fr\/index.php\/wp-json\/wp\/v2\/types\/page"}],"author":[{"embeddable":true,"href":"https:\/\/annelaurelebas-reflexologue.fr\/index.php\/wp-json\/wp\/v2\/users\/1"}],"replies":[{"embeddable":true,"href":"https:\/\/annelaurelebas-reflexologue.fr\/index.php\/wp-json\/wp\/v2\/comments?post=19"}],"version-history":[{"count":107,"href":"https:\/\/annelaurelebas-reflexologue.fr\/index.php\/wp-json\/wp\/v2\/pages\/19\/revisions"}],"predecessor-version":[{"id":926,"href":"https:\/\/annelaurelebas-reflexologue.fr\/index.php\/wp-json\/wp\/v2\/pages\/19\/revisions\/926"}],"wp:featuredmedia":[{"embeddable":true,"href":"https:\/\/annelaurelebas-reflexologue.fr\/index.php\/wp-json\/wp\/v2\/media\/472"}],"wp:attachment":[{"href":"https:\/\/annelaurelebas-reflexologue.fr\/index.php\/wp-json\/wp\/v2\/media?parent=19"}],"curies":[{"name":"wp","href":"https:\/\/api.w.org\/{rel}","templated":true}]}}